{"id":2,"date":"2025-09-15T08:39:53","date_gmt":"2025-09-15T08:39:53","guid":{"rendered":"https:\/\/udefolk.dk\/?page_id=2"},"modified":"2025-09-15T09:44:30","modified_gmt":"2025-09-15T09:44:30","slug":"sample-page","status":"publish","type":"page","link":"https:\/\/udefolk.dk\/index.php\/sample-page\/","title":{"rendered":"Udefolks nye hjemmeside er under opbygning"},"content":{"rendered":"\n<p>Udefolk tilbyder r\u00e5dgivning og assistance med indk\u00f8b af udstyr til udeaktiviteter for institutioner, h\u00f8jskoler, spejdergrupper og lignende. Det kan v\u00e6re lige fra et par gode r\u00e5d til &#8220;projektindk\u00f8b&#8221; hvor det fulde k\u00f8b varetages af Udefolk.<br><br>Vi deler ogs\u00e5 ud af mange \u00e5rs erfaring inden for udeliv i form af kurser og ture.<br><br>Finder du noget p\u00e5 vores hjemmeside som du som privatperson finder interessant s\u00e5 kontakt os. Der kan ogs\u00e5 v\u00e6re gode k\u00f8b af finde p\u00e5 fanen Salg af demo- og ibyttetaget (endnu ikke aktuel).<br><br>Klik p\u00e5 titlerne ovenfor og blive inspireret<\/p>\n\n\n\n<p>Ud i naturen &#8211; Ture &amp; kurser<\/p>\n\n\n\n<p>Telte\u00a0<\/p>\n\n\n\n<p>Kano og kajak<\/p>\n","protected":false},"excerpt":{"rendered":"<p>Udefolk tilbyder r\u00e5dgivning og assistance med indk\u00f8b af udstyr til udeaktiviteter for institutioner, h\u00f8jskoler, spejdergrupper og lignende. Det kan v\u00e6re lige fra et par gode r\u00e5d til &#8220;projektindk\u00f8b&#8221; hvor det fulde k\u00f8b varetages af Udefolk. Vi deler ogs\u00e5 ud af mange \u00e5rs erfaring inden for udeliv i form af kurser og ture. Finder du noget [&hellip;]<\/p>\n","protected":false},"author":1,"featured_media":0,"parent":0,"menu_order":0,"comment_status":"closed","ping_status":"open","template":"","meta":{"footnotes":""},"class_list":["post-2","page","type-page","status-publish","hentry"],"_links":{"self":[{"href":"https:\/\/udefolk.dk\/index.php\/wp-json\/wp\/v2\/pages\/2","targetHints":{"allow":["GET"]}}],"collection":[{"href":"https:\/\/udefolk.dk\/index.php\/wp-json\/wp\/v2\/pages"}],"about":[{"href":"https:\/\/udefolk.dk\/index.php\/wp-json\/wp\/v2\/types\/page"}],"author":[{"embeddable":true,"href":"https:\/\/udefolk.dk\/index.php\/wp-json\/wp\/v2\/users\/1"}],"replies":[{"embeddable":true,"href":"https:\/\/udefolk.dk\/index.php\/wp-json\/wp\/v2\/comments?post=2"}],"version-history":[{"count":2,"href":"https:\/\/udefolk.dk\/index.php\/wp-json\/wp\/v2\/pages\/2\/revisions"}],"predecessor-version":[{"id":14,"href":"https:\/\/udefolk.dk\/index.php\/wp-json\/wp\/v2\/pages\/2\/revisions\/14"}],"wp:attachment":[{"href":"https:\/\/udefolk.dk\/index.php\/wp-json\/wp\/v2\/media?parent=2"}],"curies":[{"name":"wp","href":"https:\/\/api.w.org\/{rel}","templated":true}]}}